{"id":2332,"date":"2020-10-13T12:09:16","date_gmt":"2020-10-13T09:09:16","guid":{"rendered":"https:\/\/sscc.lv\/?page_id=2332"},"modified":"2020-11-27T11:57:22","modified_gmt":"2020-11-27T08:57:22","slug":"kontakti","status":"publish","type":"page","link":"https:\/\/sscc.lv\/ru\/kontakti\/","title":{"rendered":"Kontakti"},"content":{"rendered":"<div class=\"fusion-fullwidth fullwidth-box fusion-builder-row-1 fusion-flex-container nonhundred-percent-fullwidth non-hundred-percent-height-scrolling\" style=\"background-color: rgba(255,255,255,0);background-position: center center;background-repeat: no-repeat;border-width: 0px 0px 0px 0px;border-color:#eae9e9;border-style:solid;\" ><div class=\"fusion-builder-row fusion-row fusion-flex-align-items-flex-start\" style=\"max-width:1216.8px;margin-left: calc(-4% \/ 2 );margin-right: calc(-4% \/ 2 );\"><div class=\"fusion-layout-column fusion_builder_column fusion-builder-column-0 fusion_builder_column_1_1 1_1 fusion-flex-column\"><div class=\"fusion-column-wrapper fusion-flex-justify-content-flex-start fusion-content-layout-column\" style=\"background-position:left top;background-repeat:no-repeat;-webkit-background-size:cover;-moz-background-size:cover;-o-background-size:cover;background-size:cover;padding: 0px 0px 0px 0px;\"><div class=\"fusion-text fusion-text-1\"><div class=\"fusion-li-item-content\">\n<h6 style=\"font-size: 18px; color: #000000;\" data-fusion-font=\"true\">PULTS 24\/7, Valdem\u0101ra iela 8, R\u012bga, T\u0101rl. +371 22024000<\/h6>\n<\/div>\n<h6 style=\"font-size: 18px; color: #000000;\" data-fusion-font=\"true\">BIROJS, Pu\u0137u iela 8, R\u012bga, T\u0101rl. +371 64909020<\/h6>\n<h6 class=\"fusion-li-item-content\"><span style=\"font-size: 18px; color: #000000;\" data-fusion-font=\"true\">Pirmdiena &#8211; Piektdiena: 9:00-16:00<\/span><\/h6>\n<h6 class=\"fusion-li-item-content\"><span style=\"font-size: 18px; color: #000000;\" data-fusion-font=\"true\">Sestdiena &#8211; Sv\u0113tdiena: Sl\u0113gts<\/span><\/h6>\n<div>\n<h6><span style=\"font-size: 18px; color: #000000;\" data-fusion-font=\"true\">E-pasts: info@sscc.lv<\/span><\/h6>\n<\/div>\n<h6><\/h6>\n<\/div><\/div><\/div><style type=\"text\/css\">.fusion-body .fusion-builder-column-0{width:100% !important;margin-top : 0px;margin-bottom : 0px;}.fusion-builder-column-0 > .fusion-column-wrapper {padding-top : 0px !important;padding-right : 0px !important;margin-right : 1.92%;padding-bottom : 0px !important;padding-left : 0px !important;margin-left : 1.92%;}@media only screen and (max-width:1024px) {.fusion-body .fusion-builder-column-0{width:100% !important;order : 0;}.fusion-builder-column-0 > .fusion-column-wrapper {margin-right : 1.92%;margin-left : 1.92%;}}@media only screen and (max-width:640px) {.fusion-body .fusion-builder-column-0{width:100% !important;order : 0;}.fusion-builder-column-0 > .fusion-column-wrapper {margin-right : 1.92%;margin-left : 1.92%;}}<\/style><\/div><style type=\"text\/css\">.fusion-body .fusion-flex-container.fusion-builder-row-1{ padding-top : 0px;margin-top : 0px;padding-right : 0px;padding-bottom : 0px;margin-bottom : 0px;padding-left : 0px;}<\/style><\/div>","protected":false},"excerpt":{"rendered":"","protected":false},"author":1,"featured_media":0,"parent":0,"menu_order":0,"comment_status":"closed","ping_status":"closed","template":"","meta":{"footnotes":""},"_links":{"self":[{"href":"https:\/\/sscc.lv\/ru\/wp-json\/wp\/v2\/pages\/2332"}],"collection":[{"href":"https:\/\/sscc.lv\/ru\/wp-json\/wp\/v2\/pages"}],"about":[{"href":"https:\/\/sscc.lv\/ru\/wp-json\/wp\/v2\/types\/page"}],"author":[{"embeddable":true,"href":"https:\/\/sscc.lv\/ru\/wp-json\/wp\/v2\/users\/1"}],"replies":[{"embeddable":true,"href":"https:\/\/sscc.lv\/ru\/wp-json\/wp\/v2\/comments?post=2332"}],"version-history":[{"count":6,"href":"https:\/\/sscc.lv\/ru\/wp-json\/wp\/v2\/pages\/2332\/revisions"}],"predecessor-version":[{"id":2705,"href":"https:\/\/sscc.lv\/ru\/wp-json\/wp\/v2\/pages\/2332\/revisions\/2705"}],"wp:attachment":[{"href":"https:\/\/sscc.lv\/ru\/wp-json\/wp\/v2\/media?parent=2332"}],"curies":[{"name":"wp","href":"https:\/\/api.w.org\/{rel}","templated":true}]}}