{"id":2136,"date":"2020-10-01T13:52:19","date_gmt":"2020-10-01T10:52:19","guid":{"rendered":"https:\/\/sscc.lv\/?page_id=2136"},"modified":"2020-11-30T16:36:15","modified_gmt":"2020-11-30T13:36:15","slug":"uzstadisana-un-apkalposana","status":"publish","type":"page","link":"https:\/\/sscc.lv\/ru\/uzstadisana-un-apkalposana\/","title":{"rendered":"Uzst\u0101d\u012b\u0161ana un apkalpo\u0161ana"},"content":{"rendered":"","protected":true},"excerpt":{"rendered":"","protected":true},"author":1,"featured_media":0,"parent":0,"menu_order":0,"comment_status":"closed","ping_status":"closed","template":"","meta":{"footnotes":""},"_links":{"self":[{"href":"https:\/\/sscc.lv\/ru\/wp-json\/wp\/v2\/pages\/2136"}],"collection":[{"href":"https:\/\/sscc.lv\/ru\/wp-json\/wp\/v2\/pages"}],"about":[{"href":"https:\/\/sscc.lv\/ru\/wp-json\/wp\/v2\/types\/page"}],"author":[{"embeddable":true,"href":"https:\/\/sscc.lv\/ru\/wp-json\/wp\/v2\/users\/1"}],"replies":[{"embeddable":true,"href":"https:\/\/sscc.lv\/ru\/wp-json\/wp\/v2\/comments?post=2136"}],"version-history":[{"count":16,"href":"https:\/\/sscc.lv\/ru\/wp-json\/wp\/v2\/pages\/2136\/revisions"}],"predecessor-version":[{"id":2716,"href":"https:\/\/sscc.lv\/ru\/wp-json\/wp\/v2\/pages\/2136\/revisions\/2716"}],"wp:attachment":[{"href":"https:\/\/sscc.lv\/ru\/wp-json\/wp\/v2\/media?parent=2136"}],"curies":[{"name":"wp","href":"https:\/\/api.w.org\/{rel}","templated":true}]}}