{"id":2066,"date":"2020-09-30T12:34:49","date_gmt":"2020-09-30T12:34:49","guid":{"rendered":"https:\/\/sscc.lv\/?page_id=2066"},"modified":"2020-11-30T16:37:03","modified_gmt":"2020-11-30T13:37:03","slug":"videonoverosana","status":"publish","type":"page","link":"https:\/\/sscc.lv\/ru\/videonoverosana\/","title":{"rendered":"Videonov\u0113ro\u0161anas sist\u0113mas"},"content":{"rendered":"","protected":true},"excerpt":{"rendered":"","protected":true},"author":1,"featured_media":0,"parent":0,"menu_order":0,"comment_status":"closed","ping_status":"closed","template":"","meta":{"footnotes":""},"_links":{"self":[{"href":"https:\/\/sscc.lv\/ru\/wp-json\/wp\/v2\/pages\/2066"}],"collection":[{"href":"https:\/\/sscc.lv\/ru\/wp-json\/wp\/v2\/pages"}],"about":[{"href":"https:\/\/sscc.lv\/ru\/wp-json\/wp\/v2\/types\/page"}],"author":[{"embeddable":true,"href":"https:\/\/sscc.lv\/ru\/wp-json\/wp\/v2\/users\/1"}],"replies":[{"embeddable":true,"href":"https:\/\/sscc.lv\/ru\/wp-json\/wp\/v2\/comments?post=2066"}],"version-history":[{"count":79,"href":"https:\/\/sscc.lv\/ru\/wp-json\/wp\/v2\/pages\/2066\/revisions"}],"predecessor-version":[{"id":2717,"href":"https:\/\/sscc.lv\/ru\/wp-json\/wp\/v2\/pages\/2066\/revisions\/2717"}],"wp:attachment":[{"href":"https:\/\/sscc.lv\/ru\/wp-json\/wp\/v2\/media?parent=2066"}],"curies":[{"name":"wp","href":"https:\/\/api.w.org\/{rel}","templated":true}]}}